{"id":33,"date":"2021-04-13T12:13:21","date_gmt":"2021-04-13T12:13:21","guid":{"rendered":"https:\/\/sties.ch\/wp\/?page_id=33"},"modified":"2025-03-18T15:24:51","modified_gmt":"2025-03-18T15:24:51","slug":"startseite","status":"publish","type":"page","link":"https:\/\/sties.ch\/wp\/","title":{"rendered":"Startseite"},"content":{"rendered":"\n<p>du findest uns an der wildbachstrasse und an der brunngasse. gratis parkpl\u00e4tze&nbsp;direkt vor unseren l\u00e4den egal f\u00fcr welches gesch\u00e4ft du dich entscheidest&#8230; wir freuen uns auf dich!<\/p>\n\n\n\n<div class=\"wp-block-columns is-layout-flex wp-container-core-columns-is-layout-9d6595d7 wp-block-columns-is-layout-flex\">\n<div class=\"wp-block-column is-layout-flow wp-block-column-is-layout-flow\">\n<p>adressen:<\/p>\n\n\n\n<p>sties coiffure<br>wildbachstrasse 12&nbsp;<br>8400 winterthur<\/p>\n\n\n\n<p>052 232 05 92<\/p>\n\n\n\n<p><a href=\"https:\/\/www.google.ch\/maps\/dir\/\/Wildbachstrasse+12,+Winterthur\" target=\"_blank\" rel=\"noreferrer noopener\">Route planen (Google Maps)<\/a><\/p>\n<\/div>\n\n\n\n<div class=\"wp-block-column is-vertically-aligned-top is-layout-flow wp-block-column-is-layout-flow\">\n<p>\u00f6ffnungszeiten<\/p>\n\n\n\n<figure class=\"wp-block-table is-style-stripes\"><table><tbody><tr><td>dienstag-donnerstag<\/td><td>08.00-18.30 uhr<\/td><\/tr><tr><td>freitag<\/td><td>07.30-18.30 uhr<\/td><\/tr><tr><td>samstag<\/td><td>07.30-13.30 uhr<\/td><\/tr><\/tbody><\/table><\/figure>\n<\/div>\n<\/div>\n\n\n\n<hr class=\"wp-block-separator has-css-opacity\"\/>\n\n\n\n<div class=\"wp-block-columns is-layout-flex wp-container-core-columns-is-layout-9d6595d7 wp-block-columns-is-layout-flex\">\n<div class=\"wp-block-column is-layout-flow wp-block-column-is-layout-flow\">\n<p>sties coiffure<br>brunngasse 18&nbsp;<br>8400 winterthur<\/p>\n\n\n\n<p>052 212 23 62<\/p>\n\n\n\n<p><a href=\"https:\/\/www.google.ch\/maps\/dir\/\/Brunngasse+18,+8400+Winterthur\" target=\"_blank\" rel=\"noreferrer noopener\">Route planen (Google Maps)<\/a><\/p>\n<\/div>\n\n\n\n<div class=\"wp-block-column is-layout-flow wp-block-column-is-layout-flow\">\n<figure class=\"wp-block-table is-style-stripes\"><table><tbody><tr><td>montag<\/td><td>auf anfrage<\/td><\/tr><tr><td>dienstag<\/td><td>09.00-12.00 uhr<br>13.30-18.30 uhr<\/td><\/tr><tr><td>mittwoch &amp; donnerstag<\/td><td>08.00-18.30 uhr<\/td><\/tr><tr><td>freitag<\/td><td>07.30-18.30 uhr<\/td><\/tr><tr><td>samstag<\/td><td>07.30-13.30 uhr<\/td><\/tr><\/tbody><\/table><\/figure>\n<\/div>\n<\/div>\n\n\n\n<p><\/p>\n","protected":false},"excerpt":{"rendered":"<p>du findest uns an der wildbachstrasse und an der brunngasse. gratis parkpl\u00e4tze&nbsp;direkt vor unseren l\u00e4den egal f\u00fcr welches gesch\u00e4ft du dich entscheidest&#8230; wir freuen uns auf dich! adressen: sties coiffurewildbachstrasse 12&nbsp;8400 winterthur 052 232 05 92 Route planen (Google Maps) [&hellip;]<\/p>\n","protected":false},"author":1,"featured_media":0,"parent":0,"menu_order":0,"comment_status":"closed","ping_status":"closed","template":"","meta":{"footnotes":""},"class_list":["post-33","page","type-page","status-publish","hentry","clearfix"],"_links":{"self":[{"href":"https:\/\/sties.ch\/wp\/wp-json\/wp\/v2\/pages\/33","targetHints":{"allow":["GET"]}}],"collection":[{"href":"https:\/\/sties.ch\/wp\/wp-json\/wp\/v2\/pages"}],"about":[{"href":"https:\/\/sties.ch\/wp\/wp-json\/wp\/v2\/types\/page"}],"author":[{"embeddable":true,"href":"https:\/\/sties.ch\/wp\/wp-json\/wp\/v2\/users\/1"}],"replies":[{"embeddable":true,"href":"https:\/\/sties.ch\/wp\/wp-json\/wp\/v2\/comments?post=33"}],"version-history":[{"count":2,"href":"https:\/\/sties.ch\/wp\/wp-json\/wp\/v2\/pages\/33\/revisions"}],"predecessor-version":[{"id":1530,"href":"https:\/\/sties.ch\/wp\/wp-json\/wp\/v2\/pages\/33\/revisions\/1530"}],"wp:attachment":[{"href":"https:\/\/sties.ch\/wp\/wp-json\/wp\/v2\/media?parent=33"}],"curies":[{"name":"wp","href":"https:\/\/api.w.org\/{rel}","templated":true}]}}