{"id":45,"date":"2021-04-13T12:16:56","date_gmt":"2021-04-13T12:16:56","guid":{"rendered":"https:\/\/sties.ch\/wp\/?page_id=45"},"modified":"2021-05-31T07:02:23","modified_gmt":"2021-05-31T07:02:23","slug":"team-brunngasse","status":"publish","type":"page","link":"https:\/\/sties.ch\/wp\/standorte\/brunngasse\/team-brunngasse\/","title":{"rendered":"Team Brunngasse"},"content":{"rendered":"\n<figure class=\"wp-block-image size-large is-style-default\"><img loading=\"lazy\" decoding=\"async\" width=\"1024\" height=\"681\" src=\"https:\/\/sties.ch\/wp\/wp-content\/uploads\/2021\/05\/C9BF1F44-0599-4D82-B9E4-1CD17B0F35F2-1024x681.jpeg\" alt=\"\" class=\"wp-image-108\" srcset=\"https:\/\/sties.ch\/wp\/wp-content\/uploads\/2021\/05\/C9BF1F44-0599-4D82-B9E4-1CD17B0F35F2-1024x681.jpeg 1024w, https:\/\/sties.ch\/wp\/wp-content\/uploads\/2021\/05\/C9BF1F44-0599-4D82-B9E4-1CD17B0F35F2-300x200.jpeg 300w, https:\/\/sties.ch\/wp\/wp-content\/uploads\/2021\/05\/C9BF1F44-0599-4D82-B9E4-1CD17B0F35F2-768x511.jpeg 768w, https:\/\/sties.ch\/wp\/wp-content\/uploads\/2021\/05\/C9BF1F44-0599-4D82-B9E4-1CD17B0F35F2-1536x1022.jpeg 1536w, https:\/\/sties.ch\/wp\/wp-content\/uploads\/2021\/05\/C9BF1F44-0599-4D82-B9E4-1CD17B0F35F2-2048x1363.jpeg 2048w, https:\/\/sties.ch\/wp\/wp-content\/uploads\/2021\/05\/C9BF1F44-0599-4D82-B9E4-1CD17B0F35F2-700x466.jpeg 700w, https:\/\/sties.ch\/wp\/wp-content\/uploads\/2021\/05\/C9BF1F44-0599-4D82-B9E4-1CD17B0F35F2-520x346.jpeg 520w, https:\/\/sties.ch\/wp\/wp-content\/uploads\/2021\/05\/C9BF1F44-0599-4D82-B9E4-1CD17B0F35F2-360x240.jpeg 360w, https:\/\/sties.ch\/wp\/wp-content\/uploads\/2021\/05\/C9BF1F44-0599-4D82-B9E4-1CD17B0F35F2-250x166.jpeg 250w, https:\/\/sties.ch\/wp\/wp-content\/uploads\/2021\/05\/C9BF1F44-0599-4D82-B9E4-1CD17B0F35F2-100x67.jpeg 100w\" sizes=\"auto, (max-width: 1024px) 100vw, 1024px\" \/><\/figure>\n\n\n\n<figure class=\"wp-block-table is-style-stripes\"><table><tbody><tr><td><img decoding=\"async\" src=\"https:\/\/sties.ch\/wp\/wp-content\/uploads\/2021\/05\/jacqueline.jpg\" alt=\"\"><\/td><td><br><br><br><br><strong>jacqueline kenel<br>gesch\u00e4ftsf\u00fchrung brunngasse<br>seit 2001&nbsp;&nbsp;<\/strong><\/td><\/tr><tr><td><img decoding=\"async\" src=\"https:\/\/sties.ch\/wp\/wp-content\/uploads\/2021\/05\/rebekka-1.jpg\" alt=\"\"><\/td><td><br><br><br><br><strong>rebekka jost<\/strong><br><strong>gesch\u00e4ftsf\u00fchrung brunngasse<br>seit 2005&nbsp;<\/strong><\/td><\/tr><tr><td><img decoding=\"async\" src=\"https:\/\/sties.ch\/wp\/wp-content\/uploads\/2021\/05\/michaela.jpg\" alt=\"\"><\/td><td><br><br><br><br><strong>michaela liepold<\/strong><br><strong>coiffeuse damen und herren<br>seit&nbsp;oktober 2004&nbsp;<\/strong><\/td><\/tr><tr><td><img decoding=\"async\" src=\"https:\/\/sties.ch\/wp\/wp-content\/uploads\/2021\/05\/simone.jpg\" alt=\"\"><\/td><td><br><br><br><br><strong>simone linder<\/strong><br><strong>coiffeuse damen und herren<br>seit november 2004&nbsp;<\/strong><\/td><\/tr><\/tbody><\/table><\/figure>\n","protected":false},"excerpt":{"rendered":"<p>jacqueline kenelgesch\u00e4ftsf\u00fchrung brunngasseseit 2001&nbsp;&nbsp; rebekka jostgesch\u00e4ftsf\u00fchrung brunngasseseit 2005&nbsp; michaela liepoldcoiffeuse damen und herrenseit&nbsp;oktober 2004&nbsp; simone lindercoiffeuse damen und herrenseit november 2004&nbsp;<\/p>\n","protected":false},"author":1,"featured_media":0,"parent":37,"menu_order":1,"comment_status":"closed","ping_status":"closed","template":"","meta":{"footnotes":""},"class_list":["post-45","page","type-page","status-publish","hentry","clearfix"],"_links":{"self":[{"href":"https:\/\/sties.ch\/wp\/wp-json\/wp\/v2\/pages\/45","targetHints":{"allow":["GET"]}}],"collection":[{"href":"https:\/\/sties.ch\/wp\/wp-json\/wp\/v2\/pages"}],"about":[{"href":"https:\/\/sties.ch\/wp\/wp-json\/wp\/v2\/types\/page"}],"author":[{"embeddable":true,"href":"https:\/\/sties.ch\/wp\/wp-json\/wp\/v2\/users\/1"}],"replies":[{"embeddable":true,"href":"https:\/\/sties.ch\/wp\/wp-json\/wp\/v2\/comments?post=45"}],"version-history":[{"count":14,"href":"https:\/\/sties.ch\/wp\/wp-json\/wp\/v2\/pages\/45\/revisions"}],"predecessor-version":[{"id":177,"href":"https:\/\/sties.ch\/wp\/wp-json\/wp\/v2\/pages\/45\/revisions\/177"}],"up":[{"embeddable":true,"href":"https:\/\/sties.ch\/wp\/wp-json\/wp\/v2\/pages\/37"}],"wp:attachment":[{"href":"https:\/\/sties.ch\/wp\/wp-json\/wp\/v2\/media?parent=45"}],"curies":[{"name":"wp","href":"https:\/\/api.w.org\/{rel}","templated":true}]}}